{"id":1910,"date":"2025-05-13T07:18:50","date_gmt":"2025-05-13T05:18:50","guid":{"rendered":"https:\/\/www.zahnarzt-cepic.at\/traun\/?page_id=1910"},"modified":"2025-05-28T06:45:36","modified_gmt":"2025-05-28T04:45:36","slug":"datenschutzerklaerung-2","status":"publish","type":"page","link":"https:\/\/www.zahnarzt-cepic.at\/neuhofen\/datenschutzerklaerung-2\/","title":{"rendered":"Datenschutzerkl\u00e4rung"},"content":{"rendered":"\n<div class=\"wp-block-uagb-container uagb-block-1bae3a6f alignfull uagb-is-root-container\"><div class=\"uagb-container-inner-blocks-wrap\">\n<div class=\"wp-block-uagb-info-box uagb-block-58364634 uagb-infobox__content-wrap  uagb-infobox-icon-above-title uagb-infobox-image-valign-top\"><div class=\"uagb-ifb-content\"><div class=\"uagb-ifb-title-wrap\"><h1 class=\"uagb-ifb-title\">Datenschutzerkl\u00e4rung<\/h1><\/div><\/div><\/div>\n<\/div><\/div>\n\n\n\n<p><\/p>\n\n\n\n<p><\/p>\n\n\n\n<p>Der Datenschutz ist uns ein wichtiges Anliegen. Wir versichern Ihnen daher, dass wir Ihre pers\u00f6nlichen Daten unter Beachtung des Grundsatzes von \u201eTreu und Glauben\u201c und nur zu den nachstehend angef\u00fchrten Zwecken verarbeiten. Wir best\u00e4tigen Ihnen au\u00dferdem, dass wir geeignete technische und organisatorische Ma\u00dfnahmen getroffen haben, um Ihre Daten zu sch\u00fctzen und unsere Pflichten nach der DSGVO und dem Datenschutz-Anpassungsgesetz 2018 erf\u00fcllen zu k\u00f6nnen.<br>Im Sinne der Art.13 ff DSGVO m\u00f6chten wir Ihnen au\u00dferdem nachstehende Informationen \u00fcber die Verarbeitung Ihrer personenbezogenen Daten und \u00fcber Ihre damit im Zusammenhang stehenden Rechte erteilen:<\/p>\n\n\n\n<p><strong>VERANTWORTLICHER<\/strong><\/p>\n\n\n\n<p><strong>Ordination Dr. med. dent. Samir Cepic<\/strong><\/p>\n\n\n\n<p><strong>Anschrift:<\/strong><br>Steyrerstra\u00dfe 19<br>4501 Neuhofen an der Krems<br>Te.: +43(0) 7227 \/ 5406<br>Email: ordination@dr-cepic.at<\/p>\n\n\n\n<p><strong>ZWECKE<\/strong><br>Erf\u00fcllung vertraglicher Verpflichtungen, Erf\u00fcllung rechtlicher Verpflichtungen, Wahrung berechtigter Interessen des Verantwortlichen oder wenn Sie uns Ihre Einwilligung erteilen.<\/p>\n\n\n\n<p><strong>SPEICHERN IHRER IP-ADRESSE:<\/strong><br>Die vor\u00fcbergehende Speicherung der IP-Adresse durch das System ist notwendig, um eine Auslieferung der Website an den Rechner des Nutzers zu erm\u00f6glichen. Hierf\u00fcr muss die IP-Adresse des Nutzers f\u00fcr die Dauer der Sitzung gespeichert bleiben.<br>Dabei werden die nachfolgenden Daten erhoben: den Browsertyp und die verwendete Version, das Betriebssystem des Nutzers, den Internet-Service-Provider des Nutzers, Hostname des zugreifenden Rechners, Datum und Uhrzeit des Zugriffs, Websites, von denen das System des Nutzers auf unsere Internetseite gelangt, sowie Websites, die vom System des Nutzers \u00fcber unsere Website aufgerufen werden.<\/p>\n\n\n\n<p>Die Speicherung in Logfiles erfolgt, um die Funktionsf\u00e4higkeit der Website sicherzustellen. Zudem dienen uns die Daten zur Optimierung der Website und zur Sicherstellung der Sicherheit unserer informationstechnischen Systeme. Eine Auswertung der Daten zu Marketingzwecken findet in diesem Zusammenhang nicht statt. Eine Zusammenf\u00fchrung dieser Daten mit anderen Datenquellen erfolgt nicht.<\/p>\n\n\n\n<p>Die Daten werden f\u00fcr den Zeitraum von 3 Monaten gespeichert und danach automatisiert gel\u00f6scht.<\/p>\n\n\n\n<p>Die Rechtsgrundlage f\u00fcr die Verarbeitung der IP-Adresse ist Art. 6 Abs. 1 Buchst. b DSGVO. Die Speicherung der Daten f\u00fcr den o.a. Zeitraum unterliegt Art. 6 Abs. 1 Buchst. f DSGVO.<\/p>\n\n\n\n<p><strong>VERWENDUNG VON COOKIES<\/strong><br>Unsere Website verwendet sogenannte \u201eCookies\u201c. Cookies richten auf Ihrem Rechner keinen Schaden an und enthalten keine Viren. Cookies dienen dazu, unser Angebot nutzerfreundlicher, effektiver und sicherer zu machen. Cookies sind kleine Textdateien, die auf Ihrem Rechner abgelegt werden und die Ihr Browser speichert. In den Cookies werden beispielsweise Ihre Spracheinstellungen und andere Nutzerpr\u00e4ferenzen gespeichert, um diese auch nach einem Seitenwechsel beibehalten zu k\u00f6nnen.<\/p>\n\n\n\n<p>Die meisten der von uns verwendeten Cookies sind sogenannte \u201eSession-Cookies\u201d. Sie werden nach Ende Ihres Besuchs (der sogenannten \u201eSession\u201c) automatisch gel\u00f6scht.<br>Einige Cookies bleiben auf Ihrem Endger\u00e4t gespeichert, bis Sie diese l\u00f6schen. Sie erm\u00f6glichen es uns, Ihren Browser beim n\u00e4chsten Besuch wiederzuerkennen.<br>Wenn Sie dies nicht w\u00fcnschen, so k\u00f6nnen Sie Ihren Browser so einrichten, dass er Sie \u00fcber das Setzen von Cookies informiert und Sie dies nur im Einzelfall erlauben.<br>Bei der Deaktivierung von Cookies kann die Funktionalit\u00e4t unserer Website eingeschr\u00e4nkt sein.<\/p>\n\n\n\n<p>Die Rechtsgrundlage f\u00fcr die Verarbeitung personenbezogener Daten unter Verwendung der beschriebenen Cookies ist Art. 6 Abs. 1 Buchst. f DSGVO. Unser berechtigtes Interesse an der Datenverarbeitung liegt in der technisch fehlerfreien und optimierten Bereitstellung unserer Dienste.<\/p>\n\n\n\n<p><strong>GOOGLE ANALYTICS<\/strong><\/p>\n\n\n\n<p>Diese Website nutzt Funktionen des Webanalysedienstes Google Analytics. Anbieter ist die Google Inc., 1600 Amphitheatre Parkway Mountain View, CA 94043, USA. Wir haben mit dem Anbieter einen entsprechenden Vertrag zur Auftragsdatenverarbeitung abgeschlossen. Die Beziehung zum Webanalyseanbieter basiert auf Angemessenheitsbeschluss C(2016) 4176 der<\/p>\n\n\n\n<p>Europ\u00e4ischen Kommission (EU-USA: \u201ePrivacy Shield\u201c). Google Analytics verwendet solche zielorientierten Cookies. Mehr Informationen zum Umgang mit Nutzerdaten bei Google Analytics finden Sie in der Datenschutzerkl\u00e4rung von Google: https:\/\/support.google.com\/analytics\/answer\/6004245?hl=de Sie k\u00f6nnen die Erfassung der durch das Cookie erzeugten und auf Ihre Nutzung der Website bezogenen Daten an Google sowie die Verarbeitung dieser Daten durch Google verhindern, indem Sie das unter dem folgenden Link verf\u00fcgbare Browser-Plugin herunterladen und installieren: https:\/\/tools.google.com\/dlpage\/gaoptout?hl=de<\/p>\n\n\n\n<p><strong>VERWENDUNG VON GOOGLE MAPS<\/strong><\/p>\n\n\n\n<p>Wir setzen auf unserer Seite die Komponente \u201cGoogle Maps\u201d der Firma Google Inc., 1600 Amphitheatre Parkway, Mountain View, CA 94043 USA, nachfolgend \u201eGoogle\u201c, ein. Bei jedem einzelnen Aufruf der Komponente \u201cGoogle Maps\u201d wird von Google ein Cookie gesetzt, um bei der Anzeige der Seite, auf der die Komponente \u201cGoogle Maps\u201d integriert ist, Nutzereinstellungen<\/p>\n\n\n\n<p>und -daten zu verarbeiten. Dieses Cookie wird im Regelfall nicht durch das Schlie\u00dfen des Browsers gel\u00f6scht, sondern l\u00e4uft nach einer bestimmten Zeit ab, soweit es nicht von Ihnen zuvor manuell gel\u00f6scht wird. Wenn Sie mit dieser Verarbeitung Ihrer Daten nicht einverstanden sind, so besteht die M\u00f6glichkeit, den Service von \u201cGoogle Maps\u201d zu deaktivieren und auf diesem Weg die \u00dcbertragung von Daten an Google zu verhindern. Dazu m\u00fcssen Sie die Java-Script-Funktion in Ihrem Browser deaktivieren. Wir weisen Sie jedoch darauf hin, dass Sie in diesem Fall die \u201cGoogle Maps\u201d nicht oder nur eingeschr\u00e4nkt nutzen k\u00f6nnen. Die Nutzung von \u201cGoogle Maps\u201d und der \u00fcber \u201cGoogle Maps\u201d erlangten Informationen erfolgt gem\u00e4\u00df den&nbsp; Google Nutzungsbedingungen http:\/\/www.google.de\/intl\/de\/policies\/terms\/regional.html sowie der zus\u00e4tzlichen Gesch\u00e4ftsbedingungen f\u00fcr \u201eGoogle Maps\u201c https:\/\/www.google.com\/intl\/de_de\/help\/terms_maps.html.<\/p>\n\n\n\n<p><strong>IP ANONYMISIERUNG<\/strong><\/p>\n\n\n\n<p>Wir nutzen die Funktion \u201cAktivierung der IP-Anonymisierung\u201d auf dieser Webseite. Dadurch wird Ihre IP-Adresse von Google innerhalb von Mitgliedstaaten der Europ\u00e4ischen Union oder in anderen Vertragsstaaten des Abkommens \u00fcber den Europ\u00e4ischen Wirtschaftsraum zuvor gek\u00fcrzt. Nur in&nbsp;Ausnahmef\u00e4llen wird die volle IP-Adresse an einen Server von Google in den USA \u00fcbertragen und dort gek\u00fcrzt. Im Auftrag des Betreibers dieser Website wird Google diese Informationen benutzen, um Ihre Nutzung der Website auszuwerten, um Reports \u00fcber die Websiteaktivit\u00e4ten&nbsp;zusammenzustellen und um weitere mit der Websitenutzung und der Internetnutzung verbundene Dienstleistungen gegen\u00fcber dem Websitebetreiber zu erbringen. Die im Rahmen von Google Analytics von Ihrem Browser \u00fcbermittelte IP-Adresse wird nicht mit anderen Daten von Google zusammengef\u00fchrt. Die Beziehung zum Webanalyseanbieter basiert auf dem Angemessenheitsbeschluss C(2016) 4176 der Europ\u00e4ischen Kommission (EU-USA: \u201ePrivacy Shield\u201c). Die Datenverarbeitung erfolgt auf Basis der gesetzlichen Bestimmungen des \u00a7 96 Abs 3 TKG sowie des Art 6 Abs 1 lit a (Einwilligung) und\/oder f (berechtigtes Interesse) der DSGVO. Unser Anliegen im Sinne der DSGVO (berechtigtes Interesse) ist die Verbesserung unseres Angebotes und unseres Webauftritts. Da uns die Privatsph\u00e4re unserer Nutzer wichtig ist, werden die&nbsp;Nutzerdaten pseudonymisiert.<\/p>\n\n\n\n<p><strong>KONTAKTAUFNAHME \u00dcBER DAS KONTAKTFORMULAR AUF DER WEBSITE:<\/strong><br>Auf unserer Internetseite ist ein Kontaktformular vorhanden, welches f\u00fcr die elektronische Kontaktaufnahme genutzt werden kann. Nehmen Sie diese M\u00f6glichkeit wahr, so werden die in der Eingabemaske eingegeben Daten an uns \u00fcbermittelt und von uns verarbeitet. Diese Daten k\u00f6nnen sein:<br>Name, eMail-Adresse, Telefonnummer, Nachricht (alles, was Sie uns sagen\/fragen m\u00f6chten)<br>Die Rechtsgrundlage f\u00fcr die Verarbeitung personenbezogener Daten f\u00fcr die Beantwortung oder Bearbeitung Ihrer Anfrage ist Art. 6 Abs. 1 Buchst. b DSGVO.<\/p>\n\n\n\n<p><strong>KONTAKTAUFNAHME VIA EMAIL ODER TELEFON:<\/strong><br>Wenn Sie uns ein eMail senden oder uns anrufen, so werden die von Ihnen bekannt gegebenen personenbezogenen Daten f\u00fcr die Beantwortung und Bearbeitung Ihrer Anfrage oder Ihres Auftrages verarbeitet.<br>Die Rechtsgrundlage f\u00fcr die Verarbeitung personenbezogener Daten f\u00fcr die Beantwortung oder Bearbeitung Ihrer Anfrage ist Art. 6 Abs. 1 Buchst. b DSGVO.<\/p>\n\n\n\n<p><strong>GENERELLE SPEICHERDAUER<\/strong><br>Soweit wir mit Ihnen in einer Vertragsbeziehung stehen, bleiben die von uns erfassten Daten unter Beachtung s\u00e4mtlicher technischer und organisatorischer Schutzma\u00dfnahmen gespeichert. Sollte die Vertragsbeziehung mit Ihnen aufgel\u00f6st werden, verpflichten wir uns zur Datenminimierung, wobei bei der Speicherdauer unsere gesetzlichen Aufbewahrungs- und Dokumentationspflichten sowie die gesetzlichen Verj\u00e4hrungsfristen, die z.B. nach dem Allgemeinen B\u00fcrgerlichen Gesetzbuch in bestimmten F\u00e4llen bis zu 30 Jahre betragen k\u00f6nnen, zu beachten sind.<\/p>\n\n\n\n<p><strong>Rechtsgrundlage f\u00fcr die Verarbeitung personenbezogener Daten<\/strong><br>Soweit wir f\u00fcr Verarbeitungsvorg\u00e4nge personenbezogener Daten eine Einwilligung der betroffenen Person einholen, dient Art. 6 Abs. 1 lit. a EU-Datenschutzgrundverordnung (DSGVO) als Rechtsgrundlage. Bei der Verarbeitung von personenbezogenen Daten, die zur Erf\u00fcllung eines Vertrages, dessen Vertragspartei die betroffene Person ist, erforderlich ist, dient Art. 6 Abs. 1 lit. b DSGVO als Rechtsgrundlage. Dies gilt auch f\u00fcr Verarbeitungsvorg\u00e4nge, die zur Durchf\u00fchrung vorvertraglicher Ma\u00dfnahmen erforderlich sind.<\/p>\n\n\n\n<p>Soweit eine Verarbeitung personenbezogener Daten zur Erf\u00fcllung einer rechtlichen Verpflichtung erforderlich ist, der unser Unternehmen unterliegt, dient Art. 6 Abs. 1 lit. c DSGVO als Rechtsgrundlage. F\u00fcr den Fall, dass lebenswichtige Interessen der betroffenen Person oder einer anderen nat\u00fcrlichen Person eine Verarbeitung personenbezogener Daten erforderlich machen, dient Art. 6 Abs. 1 lit. d DSGVO als Rechtsgrundlage. Ist die Verarbeitung zur Wahrung eines berechtigten Interesses unseres Unternehmens oder eines Dritten erforderlich und \u00fcberwiegen die Interessen, Grundrechte und Grundfreiheiten des Betroffenen das erstgenannte Interesse nicht, so dient Art. 6 Abs. 1 lit. f DSGVO als Rechtsgrundlage f\u00fcr die Verarbeitung.<\/p>\n\n\n\n<p><strong>Weitergabe von Daten an Dritte und Drittanbieter<\/strong><\/p>\n\n\n\n<p>Eine Weitergabe von Daten an Dritte erfolgt nur im Rahmen der gesetzlichen Vorgaben. Wir geben die Daten der Nutzer an Dritte nur auf Grund einer gem. Art. 6 Abs. 1 lit. a) DSGVO erteilten Einwilligung oder wenn dies auf Grundlage des Art. 6 Abs. 1 lit. b) DSGVO f\u00fcr Vertragszwecke erforderlich ist oder auf Grundlage berechtigter Interessen gem. Art. 6 Abs. 1 lit. f. DSGVO an wirtschaftlichem und effektivem Betrieb unseres Gesch\u00e4ftsbetriebes.<\/p>\n\n\n\n<p>Sofern wir Subunternehmer einsetzen, um unsere Leistungen bereitzustellen, ergreifen wir geeignete rechtliche Vorkehrungen sowie entsprechende technische und organisatorische Ma\u00dfnahmen, um f\u00fcr den Schutz der personenbezogenen Daten gem\u00e4\u00df den einschl\u00e4gigen gesetzlichen Vorschriften zu sorgen.<\/p>\n\n\n\n<p>Sofern im Rahmen dieser Datenschutzerkl\u00e4rung Inhalte, Werkzeuge oder sonstige Mittel von anderen Anbietern (nachfolgend gemeinsam bezeichnet als \u201eDrittanbieter\u201c) eingesetzt werden und deren genannter Sitz sich in einem Drittland befindet, ist davon auszugehen, dass ein Datentransfer in die Sitzstaaten der Drittanbieter stattfindet. Als Drittstaaten sind L\u00e4nder zu verstehen, in denen die DSGVO kein unmittelbar geltendes Recht ist, d.h. grunds\u00e4tzlich L\u00e4nder au\u00dferhalb der EU, bzw. des Europ\u00e4ischen Wirtschaftsraums. Die \u00dcbermittlung von Daten in Drittstaaten erfolgt entweder, wenn ein angemessenes Datenschutzniveau, eine Einwilligung der Nutzer oder sonst eine gesetzliche Erlaubnis vorliegt.<\/p>\n\n\n\n<p><strong>RECHTE DER BETROFFENEN PERSON<\/strong><br>Als betroffene Person haben Sie je nach der Situation im Einzelfall folgende Datenschutzrechte, zu deren Aus\u00fcbung Sie sich jederzeit an uns unter den unten genannten Kontaktdaten wenden k\u00f6nnen:<\/p>\n\n\n\n<ul class=\"wp-block-list\">\n<li>Recht auf Auskunft<\/li>\n\n\n\n<li>Recht auf Berichtigung<\/li>\n\n\n\n<li>Recht auf L\u00f6schung<\/li>\n\n\n\n<li>Recht auf Widerruf<\/li>\n\n\n\n<li>Recht auf Einschr\u00e4nkung der Verarbeitung<\/li>\n\n\n\n<li>Recht auf Daten\u00fcbertragbarkeit<\/li>\n\n\n\n<li>Recht auf Beschwerde bei einer Aufsichtsbeh\u00f6rde<\/li>\n<\/ul>\n\n\n\n<p>Wir m\u00f6chten Ihnen noch mitteilen bzw. Sie darauf hinweisen, dass Sie als betroffene Person im Sinne der DSGVO das Recht auf Auskunft, L\u00f6schung, Einschr\u00e4nkung, Berichtigung, Datenminimierung und Daten\u00fcbertragbarkeit sowie Widerspruch haben. Zur Aus\u00fcbung Ihrer Rechte wenden Sie sich bitte an den oben angef\u00fchrten Verantwortlichen. Wir weisen au\u00dferdem darauf hin, dass Ihnen ein Beschwerderecht bei der Aufsichtsbeh\u00f6rde (Datenschutzbeh\u00f6rde) zusteht, sollten Sie der Annahme sein, dass eine Datenschutzverletzung unsererseits erfolgt ist. F\u00fcr Fragen und Ausk\u00fcnfte stehen wir jederzeit gerne zur Verf\u00fcgung.<\/p>\n\n\n\n<p><\/p>\n\n\n\n<p><\/p>\n\n\n\n<p><\/p>\n\n\n\n<p><\/p>\n\n\n\n<p><\/p>\n\n\n\n<p><\/p>\n","protected":false},"excerpt":{"rendered":"<p>Der Datenschutz ist uns ein wichtiges Anliegen. Wir versichern Ihnen daher, dass wir Ihre pers\u00f6nlichen Daten unter Beachtung des Grundsatzes [&hellip;]<\/p>\n","protected":false},"author":6,"featured_media":0,"parent":0,"menu_order":0,"comment_status":"closed","ping_status":"closed","template":"","meta":{"_uag_custom_page_level_css":"","site-sidebar-layout":"default","site-content-layout":"","ast-site-content-layout":"normal-width-container","site-content-style":"default","site-sidebar-style":"default","ast-global-header-display":"","ast-banner-title-visibility":"","ast-main-header-display":"","ast-hfb-above-header-display":"","ast-hfb-below-header-display":"","ast-hfb-mobile-header-display":"","site-post-title":"disabled","ast-breadcrumbs-content":"","ast-featured-img":"","footer-sml-layout":"","ast-disable-related-posts":"","theme-transparent-header-meta":"enabled","adv-header-id-meta":"","stick-header-meta":"","header-above-stick-meta":"","header-main-stick-meta":"","header-below-stick-meta":"","astra-migrate-meta-layouts":"","ast-page-background-enabled":"default","ast-page-background-meta":{"desktop":{"background-color":"var(--ast-global-color-4)","background-image":"","background-repeat":"repeat","background-position":"center center","background-size":"auto","background-attachment":"scroll","background-type":"","background-media":"","overlay-type":"","overlay-color":"","overlay-opacity":"","overlay-gradient":""},"tablet":{"background-color":"","background-image":"","background-repeat":"repeat","background-position":"center center","background-size":"auto","background-attachment":"scroll","background-type":"","background-media":"","overlay-type":"","overlay-color":"","overlay-opacity":"","overlay-gradient":""},"mobile":{"background-color":"","background-image":"","background-repeat":"repeat","background-position":"center center","background-size":"auto","background-attachment":"scroll","background-type":"","background-media":"","overlay-type":"","overlay-color":"","overlay-opacity":"","overlay-gradient":""}},"ast-content-background-meta":{"desktop":{"background-color":"var(--ast-global-color-5)","background-image":"","background-repeat":"repeat","background-position":"center center","background-size":"auto","background-attachment":"scroll","background-type":"","background-media":"","overlay-type":"","overlay-color":"","overlay-opacity":"","overlay-gradient":""},"tablet":{"background-color":"var(--ast-global-color-5)","background-image":"","background-repeat":"repeat","background-position":"center center","background-size":"auto","background-attachment":"scroll","background-type":"","background-media":"","overlay-type":"","overlay-color":"","overlay-opacity":"","overlay-gradient":""},"mobile":{"background-color":"var(--ast-global-color-5)","background-image":"","background-repeat":"repeat","background-position":"center center","background-size":"auto","background-attachment":"scroll","background-type":"","background-media":"","overlay-type":"","overlay-color":"","overlay-opacity":"","overlay-gradient":""}},"footnotes":""},"class_list":["post-1910","page","type-page","status-publish","hentry"],"uagb_featured_image_src":{"full":false,"thumbnail":false,"medium":false,"medium_large":false,"large":false,"1536x1536":false,"2048x2048":false},"uagb_author_info":{"display_name":"Thomas Remplbauer","author_link":"https:\/\/www.zahnarzt-cepic.at\/neuhofen\/author\/wordpressadmin\/"},"uagb_comment_info":0,"uagb_excerpt":"Der Datenschutz ist uns ein wichtiges Anliegen. Wir versichern Ihnen daher, dass wir Ihre pers\u00f6nlichen Daten unter Beachtung des Grundsatzes [&hellip;]","_links":{"self":[{"href":"https:\/\/www.zahnarzt-cepic.at\/neuhofen\/wp-json\/wp\/v2\/pages\/1910","targetHints":{"allow":["GET"]}}],"collection":[{"href":"https:\/\/www.zahnarzt-cepic.at\/neuhofen\/wp-json\/wp\/v2\/pages"}],"about":[{"href":"https:\/\/www.zahnarzt-cepic.at\/neuhofen\/wp-json\/wp\/v2\/types\/page"}],"author":[{"embeddable":true,"href":"https:\/\/www.zahnarzt-cepic.at\/neuhofen\/wp-json\/wp\/v2\/users\/6"}],"replies":[{"embeddable":true,"href":"https:\/\/www.zahnarzt-cepic.at\/neuhofen\/wp-json\/wp\/v2\/comments?post=1910"}],"version-history":[{"count":4,"href":"https:\/\/www.zahnarzt-cepic.at\/neuhofen\/wp-json\/wp\/v2\/pages\/1910\/revisions"}],"predecessor-version":[{"id":2034,"href":"https:\/\/www.zahnarzt-cepic.at\/neuhofen\/wp-json\/wp\/v2\/pages\/1910\/revisions\/2034"}],"wp:attachment":[{"href":"https:\/\/www.zahnarzt-cepic.at\/neuhofen\/wp-json\/wp\/v2\/media?parent=1910"}],"curies":[{"name":"wp","href":"https:\/\/api.w.org\/{rel}","templated":true}]}}