{"id":12,"date":"2025-05-06T19:40:05","date_gmt":"2025-05-06T19:40:05","guid":{"rendered":"https:\/\/www.zahnarzt-cepic.at\/traun\/?page_id=12"},"modified":"2025-06-02T08:39:39","modified_gmt":"2025-06-02T06:39:39","slug":"ueberuns","status":"publish","type":"page","link":"https:\/\/www.zahnarzt-cepic.at\/neuhofen\/ueberuns\/","title":{"rendered":"\u00dcber uns"},"content":{"rendered":"\n<div class=\"wp-block-uagb-container uagb-block-1bae3a6f alignfull uagb-is-root-container\"><div class=\"uagb-container-inner-blocks-wrap\">\n<div class=\"wp-block-uagb-info-box uagb-block-58364634 uagb-infobox__content-wrap  uagb-infobox-icon-above-title uagb-infobox-image-valign-top\"><div class=\"uagb-ifb-content\"><div class=\"uagb-ifb-title-wrap\"><p class=\"uagb-ifb-title-prefix\">Ihre Zahngesundheit im Fokus<\/p><h1 class=\"uagb-ifb-title\">\u00dcber Dr. med. dent. Samir Cepic<\/h1><\/div><p class=\"uagb-ifb-desc\">Wir bieten eine einf\u00fchlsame und stressfreie Zahnbehandlung f\u00fcr Kinder und Angstpatienten, in einem Vertrauensvollen Umfeld.<\/p><\/div><\/div>\n<\/div><\/div>\n\n\n\n<div class=\"wp-block-uagb-container uagb-block-3cb3bc87 alignfull uagb-is-root-container\"><div class=\"uagb-container-inner-blocks-wrap\">\n<div class=\"wp-block-uagb-info-box uagb-block-b3852649 uagb-infobox__content-wrap  uagb-infobox-icon-above-title uagb-infobox-image-valign-top\"><div class=\"uagb-ifb-content\"><div class=\"uagb-ifb-title-wrap\"><p class=\"uagb-ifb-title-prefix\">\u00dcber uns<\/p><h2 class=\"uagb-ifb-title\">Die Werte, die unsere Zahnarztpraxis leiten<\/h2><\/div><\/div><\/div>\n\n\n\n<div class=\"wp-block-uagb-container uagb-block-b076eb91\">\n<div class=\"wp-block-uagb-advanced-heading uagb-block-438cc7dc\"><p class=\"uagb-heading-text\">In unserer Praxis stehen das Wohlbefinden und die Zufriedenheit unserer Patienten an erster Stelle. Wir begegnen jedem Patienten mit Empathie und Verst\u00e4ndnis.<\/p><\/div>\n\n\n\n<div class=\"wp-block-uagb-advanced-heading uagb-block-4719c99d\"><p class=\"uagb-heading-text\">Unsere Fachkompetenz kombiniert mit einem freundlichen Ambiente sorgt daf\u00fcr, dass sich auch die kleinsten und \u00e4ngstlichsten Patienten wohlf\u00fchlen und keine Angst haben m\u00fcssen.<\/p><\/div>\n<\/div>\n\n\n\n<\/div><\/div>\n\n\n\n<div class=\"wp-block-uagb-container uagb-block-f3acc4b3 alignfull uagb-is-root-container\"><div class=\"uagb-container-inner-blocks-wrap\">\n<div class=\"wp-block-uagb-container uagb-block-b93b5098\">\n<div class=\"wp-block-uagb-info-box uagb-block-b33b0804 uagb-infobox__content-wrap  uagb-infobox-icon-above-title uagb-infobox-image-valign-top\"><div class=\"uagb-ifb-content\"><div class=\"uagb-ifb-title-wrap\"><p class=\"uagb-ifb-title-prefix\">Unser Leitbild<\/p><h2 class=\"uagb-ifb-title\">Vision und Mission unserer Zahnarztpraxis f\u00fcr ein gesundes L\u00e4cheln<\/h2><\/div><\/div><\/div>\n\n\n\n<div class=\"wp-block-uagb-container uagb-block-89fc5a53\">\n<div class=\"wp-block-uagb-info-box uagb-block-b296386a uagb-infobox__content-wrap  uagb-infobox-icon-above-title uagb-infobox-image-valign-top\"><div class=\"uagb-ifb-content\"><div class=\"uagb-ifb-icon-wrap\"><svg xmlns=\"https:\/\/www.w3.org\/2000\/svg\" viewBox=\"0 0 448 512\"><path d=\"M438.6 105.4C451.1 117.9 451.1 138.1 438.6 150.6L182.6 406.6C170.1 419.1 149.9 419.1 137.4 406.6L9.372 278.6C-3.124 266.1-3.124 245.9 9.372 233.4C21.87 220.9 42.13 220.9 54.63 233.4L159.1 338.7L393.4 105.4C405.9 92.88 426.1 92.88 438.6 105.4H438.6z\"><\/path><\/svg><\/div><div class=\"uagb-ifb-title-wrap\"><p class=\"uagb-ifb-title\">Unsere Vision<\/p><\/div><p class=\"uagb-ifb-desc\">Wir streben danach, die erste Wahl f\u00fcr Zahnbehandlungen bei Kindern und Angstpatienten zu sein, und deren Zahngesundheit langfristig zu f\u00f6rdern.<\/p><\/div><\/div>\n\n\n\n<div class=\"wp-block-uagb-info-box uagb-block-042b17f6 uagb-infobox__content-wrap  uagb-infobox-icon-above-title uagb-infobox-image-valign-top\"><div class=\"uagb-ifb-content\"><div class=\"uagb-ifb-icon-wrap\"><svg xmlns=\"https:\/\/www.w3.org\/2000\/svg\" viewBox=\"0 0 448 512\"><path d=\"M438.6 105.4C451.1 117.9 451.1 138.1 438.6 150.6L182.6 406.6C170.1 419.1 149.9 419.1 137.4 406.6L9.372 278.6C-3.124 266.1-3.124 245.9 9.372 233.4C21.87 220.9 42.13 220.9 54.63 233.4L159.1 338.7L393.4 105.4C405.9 92.88 426.1 92.88 438.6 105.4H438.6z\"><\/path><\/svg><\/div><div class=\"uagb-ifb-title-wrap\"><p class=\"uagb-ifb-title\">Unsere Mission<\/p><\/div><p class=\"uagb-ifb-desc\">Wir setzen uns daf\u00fcr ein, eine angenehme und angstfreie Zahnbehandlung zu bieten, die das Vertrauen unserer Patienten st\u00e4rkt.<\/p><\/div><\/div>\n<\/div>\n<\/div>\n\n\n\n<div class=\"wp-block-uagb-container uagb-block-93ce7e38\">\n<div class=\"wp-block-uagb-image alignleft uagb-block-3e552795 wp-block-uagb-image--layout-default wp-block-uagb-image--effect-static wp-block-uagb-image--align-left\"><figure class=\"wp-block-uagb-image__figure\"><img decoding=\"async\" srcset=\"https:\/\/www.zahnarzt-cepic.at\/neuhofen\/wp-content\/uploads\/2025\/05\/Cepic-2-683x1024.jpg ,https:\/\/www.zahnarzt-cepic.at\/neuhofen\/wp-content\/uploads\/2025\/05\/Cepic-2.jpg 780w, https:\/\/www.zahnarzt-cepic.at\/neuhofen\/wp-content\/uploads\/2025\/05\/Cepic-2.jpg 360w\" sizes=\"auto, (max-width: 480px) 150px\" src=\"https:\/\/www.zahnarzt-cepic.at\/neuhofen\/wp-content\/uploads\/2025\/05\/Cepic-2-683x1024.jpg\" alt=\"\" class=\"uag-image-2008\" width=\"480\" height=\"450\" title=\"Cepic 2\" loading=\"lazy\" role=\"img\"\/><\/figure><\/div>\n<\/div>\n<\/div><\/div>\n\n\n\n<div class=\"wp-block-group is-layout-constrained wp-block-group-is-layout-constrained\">\n<h2 class=\"wp-block-heading\">\u00dcber mich<\/h2>\n\n\n\n<div class=\"wp-block-uagb-container uagb-block-1a968e38 alignfull uagb-is-root-container\"><div class=\"uagb-container-inner-blocks-wrap\">\n<div class=\"wp-block-uagb-container uagb-block-76906a22\">\n<div class=\"wp-block-uagb-container uagb-block-98406570\">\n<div class=\"wp-block-uagb-container uagb-block-ef835bc9\">\n<div class=\"wp-block-uagb-container uagb-block-ac8fc986\">\n<div class=\"wp-block-columns is-layout-flex wp-container-core-columns-is-layout-28f84493 wp-block-columns-is-layout-flex\">\n<div class=\"wp-block-column is-layout-flow wp-block-column-is-layout-flow\">\n<ul class=\"wp-block-list\">\n<li>Geboren: 1981<\/li>\n\n\n\n<li>Matura: 1999 Realschule Naila Deutschland<\/li>\n\n\n\n<li>Matura: 2001 Gymnasium<\/li>\n\n\n\n<li>Studium der Zahnmedizin an der Med. Uni Graz \u2013 Abschluss 2009<\/li>\n\n\n\n<li>Angestellter Zahnarzt der O\u00d6GKK im Zahnambulatorium Linz und Steyr<\/li>\n\n\n\n<li>Zus\u00e4tzliche T\u00e4tigkeit im zahn\u00e4rztlichen Notdienst Zentrum NDZ im UKH Linz 2010-2015<\/li>\n\n\n\n<li>Vortragender an der FAZ-UKH (Mikrobiologie und Erkrankungen der stomatognathen Systems)<\/li>\n\n\n\n<li>Seit 2014 niedergelassener Zahnarzt in Neuhofen<\/li>\n<\/ul>\n<\/div>\n\n\n\n<div class=\"wp-block-column is-layout-flow wp-block-column-is-layout-flow\">\n<div class=\"wp-block-uagb-image alignleft uagb-block-80a9f21e wp-block-uagb-image--layout-default wp-block-uagb-image--effect-static wp-block-uagb-image--align-left\"><figure class=\"wp-block-uagb-image__figure\"><img decoding=\"async\" srcset=\"https:\/\/www.zahnarzt-cepic.at\/neuhofen\/wp-content\/uploads\/2025\/05\/DSC01726-683x1024.jpg ,https:\/\/www.zahnarzt-cepic.at\/neuhofen\/wp-content\/uploads\/2025\/05\/DSC01726-scaled.jpg 780w, https:\/\/www.zahnarzt-cepic.at\/neuhofen\/wp-content\/uploads\/2025\/05\/DSC01726-scaled.jpg 360w\" sizes=\"auto, (max-width: 480px) 150px\" src=\"https:\/\/www.zahnarzt-cepic.at\/neuhofen\/wp-content\/uploads\/2025\/05\/DSC01726-683x1024.jpg\" alt=\"\" class=\"uag-image-2020\" width=\"280\" height=\"867\" title=\"DSC01726\" loading=\"lazy\" role=\"img\"\/><\/figure><\/div>\n<\/div>\n<\/div>\n<\/div>\n<\/div>\n<\/div>\n<\/div>\n<\/div><\/div>\n\n\n\n<p><\/p>\n<\/div>\n\n\n\n<div class=\"wp-block-uagb-container uagb-block-f4b07786 alignfull uagb-is-root-container\"><div class=\"uagb-container-inner-blocks-wrap\"><\/div><\/div>\n\n\n\n<div class=\"wp-block-uagb-container uagb-block-868f8903 alignfull uagb-is-root-container\"><div class=\"uagb-container-inner-blocks-wrap\"><\/div><\/div>\n\n\n\n<p><\/p>\n\n\n\n<p><\/p>\n\n\n\n<p><\/p>\n\n\n\n<p><\/p>\n\n\n\n<p><\/p>\n\n\n\n<p><\/p>\n\n\n\n<div class=\"wp-block-uagb-container uagb-block-47e6ca19 alignfull uagb-is-root-container\"><div class=\"uagb-container-inner-blocks-wrap\">\n<div class=\"wp-block-uagb-container uagb-block-5d78b710\">\n<div class=\"wp-block-uagb-info-box uagb-block-339dde46 uagb-infobox__content-wrap  uagb-infobox-icon-above-title uagb-infobox-image-valign-top\"><div class=\"uagb-ifb-content\"><div class=\"uagb-ifb-title-wrap\"><h2 class=\"uagb-ifb-title\">Starten Sie Ihre Reise zu einem gesunden L\u00e4cheln!<\/h2><\/div><p class=\"uagb-ifb-desc\">Kontaktieren Sie uns f\u00fcr eine individuelle Beratung und Behandlung.<\/p><div class=\"uagb-ifb-button-wrapper wp-block-button\"><a href=\"https:\/\/www.zahnarzt-cepic.at\/neuhofen\/kontakt\" class=\"uagb-infobox-cta-link wp-block-button__link\" target=\"_self\" rel=\"noopener noreferrer\" onclick=\"return true;\"><span class=\"uagb-inline-editing\">Jetzt Termin vereinbaren<\/span><\/a><\/div><\/div><\/div>\n<\/div>\n<\/div><\/div>\n","protected":false},"excerpt":{"rendered":"<p>In unserer Praxis stehen das Wohlbefinden und die Zufriedenheit unserer Patienten an erster Stelle. Wir begegnen jedem Patienten mit Empathie [&hellip;]<\/p>\n","protected":false},"author":6,"featured_media":0,"parent":0,"menu_order":0,"comment_status":"closed","ping_status":"closed","template":"","meta":{"_uag_custom_page_level_css":"","site-sidebar-layout":"default","site-content-layout":"","ast-site-content-layout":"normal-width-container","site-content-style":"default","site-sidebar-style":"default","ast-global-header-display":"","ast-banner-title-visibility":"","ast-main-header-display":"","ast-hfb-above-header-display":"","ast-hfb-below-header-display":"","ast-hfb-mobile-header-display":"","site-post-title":"disabled","ast-breadcrumbs-content":"","ast-featured-img":"","footer-sml-layout":"","ast-disable-related-posts":"","theme-transparent-header-meta":"enabled","adv-header-id-meta":"","stick-header-meta":"","header-above-stick-meta":"","header-main-stick-meta":"","header-below-stick-meta":"","astra-migrate-meta-layouts":"","ast-page-background-enabled":"default","ast-page-background-meta":{"desktop":{"background-color":"var(--ast-global-color-4)","background-image":"","background-repeat":"repeat","background-position":"center center","background-size":"auto","background-attachment":"scroll","background-type":"","background-media":"","overlay-type":"","overlay-color":"","overlay-opacity":"","overlay-gradient":""},"tablet":{"background-color":"","background-image":"","background-repeat":"repeat","background-position":"center center","background-size":"auto","background-attachment":"scroll","background-type":"","background-media":"","overlay-type":"","overlay-color":"","overlay-opacity":"","overlay-gradient":""},"mobile":{"background-color":"","background-image":"","background-repeat":"repeat","background-position":"center center","background-size":"auto","background-attachment":"scroll","background-type":"","background-media":"","overlay-type":"","overlay-color":"","overlay-opacity":"","overlay-gradient":""}},"ast-content-background-meta":{"desktop":{"background-color":"var(--ast-global-color-5)","background-image":"","background-repeat":"repeat","background-position":"center center","background-size":"auto","background-attachment":"scroll","background-type":"","background-media":"","overlay-type":"","overlay-color":"","overlay-opacity":"","overlay-gradient":""},"tablet":{"background-color":"var(--ast-global-color-5)","background-image":"","background-repeat":"repeat","background-position":"center center","background-size":"auto","background-attachment":"scroll","background-type":"","background-media":"","overlay-type":"","overlay-color":"","overlay-opacity":"","overlay-gradient":""},"mobile":{"background-color":"var(--ast-global-color-5)","background-image":"","background-repeat":"repeat","background-position":"center center","background-size":"auto","background-attachment":"scroll","background-type":"","background-media":"","overlay-type":"","overlay-color":"","overlay-opacity":"","overlay-gradient":""}},"footnotes":""},"class_list":["post-12","page","type-page","status-publish","hentry"],"uagb_featured_image_src":{"full":false,"thumbnail":false,"medium":false,"medium_large":false,"large":false,"1536x1536":false,"2048x2048":false},"uagb_author_info":{"display_name":"Thomas Remplbauer","author_link":"https:\/\/www.zahnarzt-cepic.at\/neuhofen\/author\/wordpressadmin\/"},"uagb_comment_info":0,"uagb_excerpt":"In unserer Praxis stehen das Wohlbefinden und die Zufriedenheit unserer Patienten an erster Stelle. Wir begegnen jedem Patienten mit Empathie [&hellip;]","_links":{"self":[{"href":"https:\/\/www.zahnarzt-cepic.at\/neuhofen\/wp-json\/wp\/v2\/pages\/12","targetHints":{"allow":["GET"]}}],"collection":[{"href":"https:\/\/www.zahnarzt-cepic.at\/neuhofen\/wp-json\/wp\/v2\/pages"}],"about":[{"href":"https:\/\/www.zahnarzt-cepic.at\/neuhofen\/wp-json\/wp\/v2\/types\/page"}],"author":[{"embeddable":true,"href":"https:\/\/www.zahnarzt-cepic.at\/neuhofen\/wp-json\/wp\/v2\/users\/6"}],"replies":[{"embeddable":true,"href":"https:\/\/www.zahnarzt-cepic.at\/neuhofen\/wp-json\/wp\/v2\/comments?post=12"}],"version-history":[{"count":16,"href":"https:\/\/www.zahnarzt-cepic.at\/neuhofen\/wp-json\/wp\/v2\/pages\/12\/revisions"}],"predecessor-version":[{"id":2096,"href":"https:\/\/www.zahnarzt-cepic.at\/neuhofen\/wp-json\/wp\/v2\/pages\/12\/revisions\/2096"}],"wp:attachment":[{"href":"https:\/\/www.zahnarzt-cepic.at\/neuhofen\/wp-json\/wp\/v2\/media?parent=12"}],"curies":[{"name":"wp","href":"https:\/\/api.w.org\/{rel}","templated":true}]}}